{"id":15,"date":"2025-04-25T09:03:25","date_gmt":"2025-04-25T09:03:25","guid":{"rendered":"http:\/\/dw.local\/?page_id=15"},"modified":"2025-08-26T13:51:22","modified_gmt":"2025-08-26T13:51:22","slug":"mentions-legales","status":"publish","type":"page","link":"https:\/\/www.pch-sas.com\/dw\/mentions-legales\/","title":{"rendered":"Mentions l\u00e9gales"},"content":{"rendered":"    <section class=\"banniere\">\n            <span class=\"container-courbe container-courbe3\">\n        <svg class=\"svg-courbe\" width=\"100%\" height=\"100%\" viewBox=\"0 0 1300 117\" aria-hidden=\"true\">\n            <g class=\"courbe courbe3\">\n                <g class=\"c1\">\n                    <path class=\"st0\" d=\"M1295.02,43.98c-36.55,25.03-74.76,63.98-123.03,56.57c-41.78-6.41-73.63-42.97-116.99-45.02\n                        c-55.66-2.63-108.32,28.56-164.32,19.5C819.16,63.45,757.84,17.62,685.34,9.71c-60.47-6.6-122,8.57-171.19,44.56\n                        c-25.24,18.46-50.09,44.32-83.37,45.6c-50.56,1.94-97.22-28.06-147.54-30.2C232.1,67.49,181.2,73.99,131.8,56.55\n                        C94.75,43.47,58.59,23.44,17.99,26.9C11.92,27.41,5.93,28.43,0,29.82V117h1300V40.69C1298.34,41.77,1296.67,42.85,1295.02,43.98z\"\n                        \/>\n                <\/g>\n                <g class=\"c2\">\n                    <g class=\"st1\">\n                        <path class=\"st0\" d=\"M220.97,86.47C146.31,82.43,72,115.23,0,109.24V117h350.88C310.56,104.85,270.18,89.14,220.97,86.47z\"\/>\n                        <path class=\"st0\" d=\"M513.25,117h243.67C672.5,80.13,605.25,91.05,513.25,117z\"\/>\n                    <\/g>\n                <\/g>\n                <g class=\"c3\">\n                    <g>\n                        <path class=\"st2\" d=\"M4.98,83.78c36.55,11.39,74.76,29.11,123.03,25.74c41.78-2.91,73.63-19.55,116.99-20.48\n                            c55.66-1.2,108.32,12.99,164.32,8.87c71.53-5.27,132.85-26.12,205.35-29.72c60.47-3,122,3.9,171.19,20.27\n                            c25.24,8.4,50.09,20.16,83.37,20.75c50.56,0.88,97.22-12.77,147.54-13.74c51.14-0.99,102.04,1.97,151.44-5.97\n                            c37.05-5.95,73.21-15.06,113.81-13.49c6.07,0.24,12.07,0.7,17.99,1.33V117H0l0-34.72C1.66,82.77,3.33,83.26,4.98,83.78z\"\/>\n                    <\/g>\n                <\/g>\n                <g class=\"c4\">\n                    <path class=\"st0\" d=\"M1300,108.62V37.54c-34.2,15.87-69.63,27.8-108.81,25.77c-110.15-5.7-183.47-34.9-293.52,0.36\n                        c-129.13,41.37-242.25,52.77-370.47,0.01C437.76,26.87,356.07-14.33,257.15,4.89C171.47,21.53,84.73,26.92,0,14.65V117h59.54\n                        c7.83-1.51,15.99-2.96,24.56-4.26c21.42-3.26,41.71-0.94,61.53,4.26h1130.17c4.21-1.44,8.42-2.88,12.63-4.33\n                        C1292.3,111.33,1296.15,109.98,1300,108.62z\"\/>\n                <\/g>\n                <g class=\"c5\">\n                    <path class=\"st3\" d=\"M1300,97.89c-84.73,2.57-171.47,1.44-257.15-2.04c-98.92-4.02-180.6,4.6-270.05,12.31\n                        c-128.22,11.04-241.34,8.66-370.47,0c-110.05-7.38-183.36-1.27-293.52-0.07C69.63,108.5,34.2,106,0,102.68V117h1300V97.89z\"\/>\n                <\/g>\n            <\/g>\n        <\/svg>\n\n    <\/span>\n                        <div class=\"container-img-banniere\">\n                <img loading=\"lazy\" decoding=\"async\" width=\"1920\" height=\"900\" src=\"https:\/\/www.pch-sas.com\/dw\/wp-content\/uploads\/2025\/04\/bg-03-dw-reseau-eau-1920x900.jpg\" class=\"nolazy\" alt=\"Eau r\u00e9seau d&#039;eau par DW\" \/>            <\/div>\n                <div class=\"container-texte-banniere\">\n            <div class=\"int\">\n                <div class=\"container-titre\">\n                    <h1 class=\"title\">Mentions l\u00e9gales<\/h1>\n                        \n                <\/div>\n            <\/div>\n        <\/div>\n    <\/section> \n    \n\n    <section class=\"bandeau bandeau-texte  bg-color-transparent\">\n\t\t<div class=\"int\">\n\t\t\t<div class=\"container-texte\">\n\t\t\t\t\t\t\t\t\t<div class=\"container-title-bandeau-texte\">\n\t\t\t\t\t\t<h2 class=\"title-bandeau-texte\">Informations concernant notre soci\u00e9t\u00e9 et notre site web<\/h2>\n\t\t\t\t<\/div>\n\t\t\t\t\t\t\t\t\t\t\t\t\t<div class=\"contenu-principal-bandeau container-flexible\">\n\t\t\t\t\t\t\t\t\t\t\t\t\t                            <div class=\"container-texte-cf entry-content text-anim\">\n                    <h3>Si\u00e8ge social<\/h3>\n<p><strong>PCh SAS<\/strong><\/p>\n<p>Zone industrielle<br \/>\nChemin de Crapier<br \/>\nSaint Sorlin en Bugey \u2013 01154 Lagnieu<\/p>\n<h3>Repr\u00e9sentant L\u00e9gal<\/h3>\n<p>Christophe PAVAILLON<\/p>\n<h3>H\u00e9bergement<\/h3>\n<p>Celeonet<\/p>\n<h3>Conception et D\u00e9veloppement<\/h3>\n<p>Emergence Graphique<\/p>\n<h3>Contenu Editorial<\/h3>\n<p>Florent Dell\u2019ova<\/p>\n<h3>Droits d\u2019Auteur<\/h3>\n<p>Le site est prot\u00e9g\u00e9 par les droits d\u2019auteur. Les droits de propri\u00e9t\u00e9 intellectuelle relatifs au site sont la propri\u00e9t\u00e9 de <strong>PCh<\/strong>.<br \/>\nLe logo figurant sur le site est une marque d\u00e9pos\u00e9e.<br \/>\nLe t\u00e9l\u00e9chargement de tout ou partie des textes, images, sons, photographies, donn\u00e9es, marques et tout autre \u00e9l\u00e9ment qui y sont contenus est autoris\u00e9 \u00e0 des fins strictement priv\u00e9es ou dans le cadre scolaire.<br \/>\nToute utilisation, diffusion, commercialisation, reproduction et repr\u00e9sentation, totale ou partielle, d\u2019\u00e9l\u00e9ments du site \u00e0 d\u2019autres fins doit \u00eatre fait avec l\u2019autorisation pr\u00e9alable de <strong>PCh<\/strong>.<\/p>\n<h3>Vie Priv\u00e9e<\/h3>\n<p>Les informations stock\u00e9es dans notre base de donn\u00e9es sont destin\u00e9es \u00e0 un usage strictement interne \u00e0 <strong>PCh<\/strong>.<br \/>\nConform\u00e9ment \u00e0 l\u2019article 34 de la loi \u00ab\u00a0Informatique et Libert\u00e9s\u00a0\u00bb, vous disposez d\u2019un droit d\u2019acc\u00e8s, de modification, de rectification et de suppression des donn\u00e9es vous concernant.<br \/>\nPour l\u2019exercer, adressez vous \u00e0 :<\/p>\n<p><strong>PCh Service commercial eau<\/strong><\/p>\n<p>Zone industrielle<br \/>\nChemin de Crapier<br \/>\nSaint Sorlin en Bugey \u2013 01154 Lagnieu<\/p>\n<p>T\u00e9l. 04 74 38 77 65<\/p>\n<h3>Contenu du Site<\/h3>\n<p><strong>PCh<\/strong>\u00a0se r\u00e9serve le droit de modifier, \u00e0 tout moment et sans pr\u00e9avis, le contenu de ce site.<br \/>\nEn outre, <strong>PCh<\/strong> d\u00e9cline toute responsabilit\u00e9 en cas de retard, d\u2019erreur ou d\u2019omission quant au contenu des pr\u00e9sentes pages de m\u00eame qu\u2019en cas d\u2019interruption ou de non-disponibilit\u00e9 du service.<\/p>\n<h3>Liens Hypertextes<\/h3>\n<p>La cr\u00e9ation de liens hypertextes vers le site<strong> de PCh <\/strong>ainsi que les liens hypertextes \u00e9tablis en direction d\u2019autres sites \u00e0 partir du site de <strong>PCh<\/strong> n\u2019engagent pas la responsabilit\u00e9 de <strong>PCh<\/strong>.<\/p>\n                <\/div>\n                    \t\t\t\t\t\t\t\t\t\t\t<\/div>\n\t\t\t\t\t\t\t<\/div>\n\t\t\t\t\t<\/div>\n\t<\/section>\n\t","protected":false},"excerpt":{"rendered":"","protected":false},"author":2,"featured_media":0,"parent":0,"menu_order":1,"comment_status":"closed","ping_status":"closed","template":"","meta":{"_acf_changed":true,"_seopress_robots_primary_cat":"","_seopress_titles_title":"","_seopress_titles_desc":"","_seopress_robots_index":"","footnotes":""},"class_list":["post-15","page","type-page","status-publish","hentry"],"acf":[],"_links":{"self":[{"href":"https:\/\/www.pch-sas.com\/dw\/wp-json\/wp\/v2\/pages\/15","targetHints":{"allow":["GET"]}}],"collection":[{"href":"https:\/\/www.pch-sas.com\/dw\/wp-json\/wp\/v2\/pages"}],"about":[{"href":"https:\/\/www.pch-sas.com\/dw\/wp-json\/wp\/v2\/types\/page"}],"author":[{"embeddable":true,"href":"https:\/\/www.pch-sas.com\/dw\/wp-json\/wp\/v2\/users\/2"}],"replies":[{"embeddable":true,"href":"https:\/\/www.pch-sas.com\/dw\/wp-json\/wp\/v2\/comments?post=15"}],"version-history":[{"count":0,"href":"https:\/\/www.pch-sas.com\/dw\/wp-json\/wp\/v2\/pages\/15\/revisions"}],"wp:attachment":[{"href":"https:\/\/www.pch-sas.com\/dw\/wp-json\/wp\/v2\/media?parent=15"}],"curies":[{"name":"wp","href":"https:\/\/api.w.org\/{rel}","templated":true}]}}